{"id":371,"date":"2023-01-17T13:41:25","date_gmt":"2023-01-17T13:41:25","guid":{"rendered":"http:\/\/contentonline.se\/?page_id=371"},"modified":"2023-01-17T13:42:27","modified_gmt":"2023-01-17T13:42:27","slug":"svenska-till-engelska-oversattning","status":"publish","type":"page","link":"http:\/\/contentonline.se\/en\/svenska-till-engelska-oversattning\/","title":{"rendered":"Svenska till engelska \u00f6vers\u00e4ttning"},"content":{"rendered":"<h2 class=\"wp-block-heading\">Professionell \u00f6vers\u00e4ttning svenska till engelska<\/h2>\n\n\n\n<p>Om du har behov av svenska till engelska \u00f6vers\u00e4ttning kan du f\u00e5 hj\u00e4lp genom att ta kontakt med oss p\u00e5 Contentonline.se. Vi har m\u00e5nga \u00e5rs erfarenhet av \u00f6vers\u00e4ttning fr\u00e5n svenska till engelska och erbjuder h\u00f6g kvalitet till ett konkurrenskraftigt pris. Det g\u00e4ller oavsett om du har behov av enklare svensk-engelsk \u00f6vers\u00e4ttning eller om det g\u00e4ller mer avancerad text som ska \u00f6vers\u00e4ttas med r\u00e4tt tonalitet f\u00f6r att passa m\u00e5lgruppen.<\/p>\n\n\n\n<h2 class=\"wp-block-heading\">Svensk-engelsk \u00f6vers\u00e4ttare som kan lokalisering&nbsp;<\/h2>\n\n\n\n<p>En \u00f6vers\u00e4ttning svenska till engelska kommer inte att se s\u00e4rskilt bra ut om den inte \u00e4r lokaliserad. Vi anpassar alla v\u00e5ra \u00f6vers\u00e4ttningar s\u00e5 att den engelska texten inte l\u00e5ter \u00f6versatt. Motsatsen \u00e4r att g\u00f6ra en \u00f6vers\u00e4ttning ord f\u00f6r ord, men s\u00e5dant som slang, idiomatiska uttryck och ordf\u00f6ljd kommer d\u00e5 att st\u00e4lla till det. Det problemet f\u00e5r du om du g\u00f6r en Google-\u00f6vers\u00e4ttning svenska-engelska eller n\u00e4r en mindre erfaren \u00f6vers\u00e4ttare \u00f6vers\u00e4tter en text. Lokalisering kan ocks\u00e5 betyda att vi \u00e4ndrar i stycken som ber\u00f6r regler som inte \u00e4r aktuella p\u00e5 den nya marknaden. Den \u00f6versatta texten ska vara relevant och l\u00e4tt att f\u00f6rst\u00e5.<\/p>\n\n\n\n<p>En \u00f6vers\u00e4ttning svenska till engelska kan g\u00e4lla allt fr\u00e5n produktbeskrivningar och kategoritexter till landningssidor och bloggtexter. N\u00e4r det g\u00e4ller svenska till engelska \u00f6vers\u00e4ttning s\u00e5 kan vi ofta hitta en \u00f6vers\u00e4ttare som har erfarenhet fr\u00e5n er bransch. Det blir billigare f\u00f6r er och det blir ocks\u00e5 ett b\u00e4ttre resultat \u00e4n n\u00e4r en \u00f6vers\u00e4ttare beh\u00f6ver g\u00f6ra research bara f\u00f6r att f\u00f6rst\u00e5 \u00e4mnet. Alla v\u00e5ra svensk-engelsk \u00f6vers\u00e4ttare har engelska som modersm\u00e5l vilket garanterar ett b\u00e4ttre reslutat.<\/p>\n\n\n\n<h2 class=\"wp-block-heading\">Svenska-engelska \u00f6vers\u00e4ttningar som rankar h\u00f6gre i Google<\/h2>\n\n\n\n<p>Om du ska publicera en text digitalt \u00e4r det viktigt att den \u00e4r skriven s\u00e5 att den hamnar h\u00f6gt upp i s\u00f6kmotorerna, n\u00e4r en potentiell kund har en fr\u00e5ga som relaterar till det ni erbjuder. Vi arbetar med svenska till engelska \u00f6vers\u00e4ttning p\u00e5 ett s\u00e4tt som g\u00f6r att ni kommer att ranka h\u00f6gre i s\u00f6kmotorerna. Det inneb\u00e4r att fler kommer att hitta till era digitala plattformar. En <a href=\"https:\/\/contentonline.se\/en\/contentprodukter\/oversattningar\/\">bra \u00f6vers\u00e4ttning<\/a> g\u00f6r ocks\u00e5 att l\u00e4saren f\u00e5r ett b\u00e4ttre intryck av er och ert varum\u00e4rke. I en webbutik leder b\u00e4ttre svenska till engelska \u00f6vers\u00e4ttningar till h\u00f6gre konvertering.<\/p>\n\n\n\n<h2 class=\"wp-block-heading\">Kontakta oss om ni beh\u00f6ver \u00f6vers\u00e4ttning svenska till engelska<\/h2>\n\n\n\n<p>V\u00e4lkommen att <a href=\"https:\/\/contentonline.se\/en\/kontakta-oss\/\">h\u00f6ra av dig till oss p\u00e5 Contentonline.se<\/a> om ni vill veta mer om hur vi arbetar med att \u00f6vers\u00e4tta svensk text till engelska. Vi erbjuder svensk-engelsk \u00f6vers\u00e4ttning online och kan f\u00f6r det mesta ge en prisuppgift samma dag som ni g\u00f6r en f\u00f6rfr\u00e5gan.<\/p>","protected":false},"excerpt":{"rendered":"<p>Professionell \u00f6vers\u00e4ttning svenska till engelska Om du har behov av svenska till engelska \u00f6vers\u00e4ttning kan du f\u00e5 hj\u00e4lp genom att ta kontakt med oss p\u00e5 Contentonline.se. Vi har m\u00e5nga \u00e5rs erfarenhet av \u00f6vers\u00e4ttning fr\u00e5n svenska till engelska och erbjuder h\u00f6g kvalitet till ett konkurrenskraftigt pris. Det g\u00e4ller oavsett om du har behov av enklare svensk-engelsk [&hellip;]<\/p>\n","protected":false},"author":1,"featured_media":0,"parent":0,"menu_order":0,"comment_status":"closed","ping_status":"closed","template":"","meta":{"_acf_changed":false,"inline_featured_image":false,"footnotes":""},"class_list":["post-371","page","type-page","status-publish","hentry"],"acf":[],"yoast_head":"<!-- This site is optimized with the Yoast SEO plugin v27.6 - https:\/\/yoast.com\/product\/yoast-seo-wordpress\/ -->\n<title>Svenska till engelska \u00f6vers\u00e4ttning fr\u00e5n \u00f6vers\u00e4ttare med SEO-kunskap<\/title>\n<meta name=\"description\" content=\"Vi p\u00e5 Contentonline.se erbjuder svenska till engelska \u00f6vers\u00e4ttningar till bra pris. Kontakta oss idag f\u00f6r SEO-anpassad svensk-engelsk \u00f6vers\u00e4ttning.\" \/>\n<meta name=\"robots\" content=\"index, follow, max-snippet:-1, max-image-preview:large, max-video-preview:-1\" \/>\n<link rel=\"canonical\" href=\"http:\/\/contentonline.se\/en\/svenska-till-engelska-oversattning\/\" \/>\n<meta property=\"og:locale\" content=\"en_GB\" \/>\n<meta property=\"og:type\" content=\"article\" \/>\n<meta property=\"og:title\" content=\"Svenska till engelska \u00f6vers\u00e4ttning fr\u00e5n \u00f6vers\u00e4ttare med SEO-kunskap\" \/>\n<meta property=\"og:description\" content=\"Vi p\u00e5 Contentonline.se erbjuder svenska till engelska \u00f6vers\u00e4ttningar till bra pris. Kontakta oss idag f\u00f6r SEO-anpassad svensk-engelsk \u00f6vers\u00e4ttning.\" \/>\n<meta property=\"og:url\" content=\"http:\/\/contentonline.se\/en\/svenska-till-engelska-oversattning\/\" \/>\n<meta property=\"og:site_name\" content=\"Contentonline.se\" \/>\n<meta property=\"article:modified_time\" content=\"2023-01-17T13:42:27+00:00\" \/>\n<meta name=\"twitter:card\" content=\"summary_large_image\" \/>\n<meta name=\"twitter:label1\" content=\"Estimated reading time\" \/>\n\t<meta name=\"twitter:data1\" content=\"2 minutes\" \/>\n<script type=\"application\/ld+json\" class=\"yoast-schema-graph\">{\"@context\":\"https:\\\/\\\/schema.org\",\"@graph\":[{\"@type\":\"WebPage\",\"@id\":\"http:\\\/\\\/contentonline.se\\\/svenska-till-engelska-oversattning\\\/\",\"url\":\"http:\\\/\\\/contentonline.se\\\/svenska-till-engelska-oversattning\\\/\",\"name\":\"Svenska till engelska \u00f6vers\u00e4ttning fr\u00e5n \u00f6vers\u00e4ttare med SEO-kunskap\",\"isPartOf\":{\"@id\":\"http:\\\/\\\/contentonline.se\\\/#website\"},\"datePublished\":\"2023-01-17T13:41:25+00:00\",\"dateModified\":\"2023-01-17T13:42:27+00:00\",\"description\":\"Vi p\u00e5 Contentonline.se erbjuder svenska till engelska \u00f6vers\u00e4ttningar till bra pris. Kontakta oss idag f\u00f6r SEO-anpassad svensk-engelsk \u00f6vers\u00e4ttning.\",\"breadcrumb\":{\"@id\":\"http:\\\/\\\/contentonline.se\\\/svenska-till-engelska-oversattning\\\/#breadcrumb\"},\"inLanguage\":\"en-GB\",\"potentialAction\":[{\"@type\":\"ReadAction\",\"target\":[\"http:\\\/\\\/contentonline.se\\\/svenska-till-engelska-oversattning\\\/\"]}]},{\"@type\":\"BreadcrumbList\",\"@id\":\"http:\\\/\\\/contentonline.se\\\/svenska-till-engelska-oversattning\\\/#breadcrumb\",\"itemListElement\":[{\"@type\":\"ListItem\",\"position\":1,\"name\":\"Home\",\"item\":\"http:\\\/\\\/contentonline.se\\\/\"},{\"@type\":\"ListItem\",\"position\":2,\"name\":\"Svenska till engelska \u00f6vers\u00e4ttning\"}]},{\"@type\":\"WebSite\",\"@id\":\"http:\\\/\\\/contentonline.se\\\/#website\",\"url\":\"http:\\\/\\\/contentonline.se\\\/\",\"name\":\"Contentonline.se\",\"description\":\"Mer \u00e4n ord \u2013 vi f\u00e5r ditt f\u00f6retag att synas online\",\"publisher\":{\"@id\":\"http:\\\/\\\/contentonline.se\\\/#organization\"},\"potentialAction\":[{\"@type\":\"SearchAction\",\"target\":{\"@type\":\"EntryPoint\",\"urlTemplate\":\"http:\\\/\\\/contentonline.se\\\/?s={search_term_string}\"},\"query-input\":{\"@type\":\"PropertyValueSpecification\",\"valueRequired\":true,\"valueName\":\"search_term_string\"}}],\"inLanguage\":\"en-GB\"},{\"@type\":\"Organization\",\"@id\":\"http:\\\/\\\/contentonline.se\\\/#organization\",\"name\":\"Contentonline.se\",\"url\":\"http:\\\/\\\/contentonline.se\\\/\",\"logo\":{\"@type\":\"ImageObject\",\"inLanguage\":\"en-GB\",\"@id\":\"http:\\\/\\\/contentonline.se\\\/#\\\/schema\\\/logo\\\/image\\\/\",\"url\":\"http:\\\/\\\/contentonline.se\\\/wp-content\\\/uploads\\\/2025\\\/09\\\/Logo-.png\",\"contentUrl\":\"http:\\\/\\\/contentonline.se\\\/wp-content\\\/uploads\\\/2025\\\/09\\\/Logo-.png\",\"width\":122,\"height\":122,\"caption\":\"Contentonline.se\"},\"image\":{\"@id\":\"http:\\\/\\\/contentonline.se\\\/#\\\/schema\\\/logo\\\/image\\\/\"}}]}<\/script>\n<!-- \/ Yoast SEO plugin. -->","yoast_head_json":{"title":"Svenska till engelska \u00f6vers\u00e4ttning fr\u00e5n \u00f6vers\u00e4ttare med SEO-kunskap","description":"Vi p\u00e5 Contentonline.se erbjuder svenska till engelska \u00f6vers\u00e4ttningar till bra pris. Kontakta oss idag f\u00f6r SEO-anpassad svensk-engelsk \u00f6vers\u00e4ttning.","robots":{"index":"index","follow":"follow","max-snippet":"max-snippet:-1","max-image-preview":"max-image-preview:large","max-video-preview":"max-video-preview:-1"},"canonical":"http:\/\/contentonline.se\/en\/svenska-till-engelska-oversattning\/","og_locale":"en_GB","og_type":"article","og_title":"Svenska till engelska \u00f6vers\u00e4ttning fr\u00e5n \u00f6vers\u00e4ttare med SEO-kunskap","og_description":"Vi p\u00e5 Contentonline.se erbjuder svenska till engelska \u00f6vers\u00e4ttningar till bra pris. Kontakta oss idag f\u00f6r SEO-anpassad svensk-engelsk \u00f6vers\u00e4ttning.","og_url":"http:\/\/contentonline.se\/en\/svenska-till-engelska-oversattning\/","og_site_name":"Contentonline.se","article_modified_time":"2023-01-17T13:42:27+00:00","twitter_card":"summary_large_image","twitter_misc":{"Estimated reading time":"2 minutes"},"schema":{"@context":"https:\/\/schema.org","@graph":[{"@type":"WebPage","@id":"http:\/\/contentonline.se\/svenska-till-engelska-oversattning\/","url":"http:\/\/contentonline.se\/svenska-till-engelska-oversattning\/","name":"Svenska till engelska \u00f6vers\u00e4ttning fr\u00e5n \u00f6vers\u00e4ttare med SEO-kunskap","isPartOf":{"@id":"http:\/\/contentonline.se\/#website"},"datePublished":"2023-01-17T13:41:25+00:00","dateModified":"2023-01-17T13:42:27+00:00","description":"Vi p\u00e5 Contentonline.se erbjuder svenska till engelska \u00f6vers\u00e4ttningar till bra pris. Kontakta oss idag f\u00f6r SEO-anpassad svensk-engelsk \u00f6vers\u00e4ttning.","breadcrumb":{"@id":"http:\/\/contentonline.se\/svenska-till-engelska-oversattning\/#breadcrumb"},"inLanguage":"en-GB","potentialAction":[{"@type":"ReadAction","target":["http:\/\/contentonline.se\/svenska-till-engelska-oversattning\/"]}]},{"@type":"BreadcrumbList","@id":"http:\/\/contentonline.se\/svenska-till-engelska-oversattning\/#breadcrumb","itemListElement":[{"@type":"ListItem","position":1,"name":"Home","item":"http:\/\/contentonline.se\/"},{"@type":"ListItem","position":2,"name":"Svenska till engelska \u00f6vers\u00e4ttning"}]},{"@type":"WebSite","@id":"http:\/\/contentonline.se\/#website","url":"http:\/\/contentonline.se\/","name":"Contentonline.se","description":"Mer \u00e4n ord \u2013 vi f\u00e5r ditt f\u00f6retag att synas online","publisher":{"@id":"http:\/\/contentonline.se\/#organization"},"potentialAction":[{"@type":"SearchAction","target":{"@type":"EntryPoint","urlTemplate":"http:\/\/contentonline.se\/?s={search_term_string}"},"query-input":{"@type":"PropertyValueSpecification","valueRequired":true,"valueName":"search_term_string"}}],"inLanguage":"en-GB"},{"@type":"Organization","@id":"http:\/\/contentonline.se\/#organization","name":"Contentonline.se","url":"http:\/\/contentonline.se\/","logo":{"@type":"ImageObject","inLanguage":"en-GB","@id":"http:\/\/contentonline.se\/#\/schema\/logo\/image\/","url":"http:\/\/contentonline.se\/wp-content\/uploads\/2025\/09\/Logo-.png","contentUrl":"http:\/\/contentonline.se\/wp-content\/uploads\/2025\/09\/Logo-.png","width":122,"height":122,"caption":"Contentonline.se"},"image":{"@id":"http:\/\/contentonline.se\/#\/schema\/logo\/image\/"}}]}},"_links":{"self":[{"href":"http:\/\/contentonline.se\/en\/wp-json\/wp\/v2\/pages\/371","targetHints":{"allow":["GET"]}}],"collection":[{"href":"http:\/\/contentonline.se\/en\/wp-json\/wp\/v2\/pages"}],"about":[{"href":"http:\/\/contentonline.se\/en\/wp-json\/wp\/v2\/types\/page"}],"author":[{"embeddable":true,"href":"http:\/\/contentonline.se\/en\/wp-json\/wp\/v2\/users\/1"}],"replies":[{"embeddable":true,"href":"http:\/\/contentonline.se\/en\/wp-json\/wp\/v2\/comments?post=371"}],"version-history":[{"count":1,"href":"http:\/\/contentonline.se\/en\/wp-json\/wp\/v2\/pages\/371\/revisions"}],"predecessor-version":[{"id":372,"href":"http:\/\/contentonline.se\/en\/wp-json\/wp\/v2\/pages\/371\/revisions\/372"}],"wp:attachment":[{"href":"http:\/\/contentonline.se\/en\/wp-json\/wp\/v2\/media?parent=371"}],"curies":[{"name":"wp","href":"https:\/\/api.w.org\/{rel}","templated":true}]}}