{"id":406,"date":"2023-01-26T14:12:18","date_gmt":"2023-01-26T14:12:18","guid":{"rendered":"http:\/\/contentonline.se\/?page_id=406"},"modified":"2023-01-26T14:12:19","modified_gmt":"2023-01-26T14:12:19","slug":"engelska-texter","status":"publish","type":"page","link":"http:\/\/contentonline.se\/en\/engelska-texter\/","title":{"rendered":"Engelska texter"},"content":{"rendered":"<h2 class=\"wp-block-heading\">Best\u00e4ll engelska texter av h\u00f6g kvalitet<\/h2>\n\n\n\n<p>Med engelska texter n\u00e5r du ut till en extremt stor m\u00e5lgrupp, vilket kan ha mycket positiva effekter f\u00f6r din verksamhet. Contentonline.se hj\u00e4lper mer \u00e4n g\u00e4rna till att utforma proffsigt content p\u00e5 engelska till exempelvis din webbplats. Vi har l\u00e5ng erfarenhet av att skriva texter p\u00e5 engelska, och samarbetar enbart med skickliga skribenter som har engelska som modersm\u00e5l.<\/p>\n\n\n\n<h2 class=\"wp-block-heading\">Vi kan hj\u00e4lpa dig med alla typer av engelska texter<\/h2>\n\n\n\n<p>Oavsett vad du har f\u00f6r \u00f6nskem\u00e5l v\u00e5gar vi n\u00e4stan garantera att du blir hundraprocentigt n\u00f6jd med v\u00e5rt arbete. Genom \u00e5ren har vi hj\u00e4lpt f\u00f6retag med allt fr\u00e5n landningssidor till produktbeskrivningar, <a href=\"https:\/\/contentonline.se\/en\/contentprodukter\/google-ads-annonser-och-meta-texter\/\">metatexter<\/a>, blogginl\u00e4gg och kategoritexter p\u00e5 engelska. Inget projekt \u00e4r f\u00f6r stort eller litet f\u00f6r oss p\u00e5 Contentonline.se! Vi kan b\u00e5de skriva enkla och korta texter p\u00e5 engelska, samt avancerade <a href=\"https:\/\/contentonline.se\/en\/contentprodukter\/texter-som-kraver-expertkunskap\/\">texter med extra h\u00f6ga krav p\u00e5 faktagranskning<\/a>.<\/p>\n\n\n\n<h3 class=\"wp-block-heading\">Bli tilldelad en skribent med relevant kunskap och erfarenhet<\/h3>\n\n\n\n<p>Vill du ha texter skrivna p\u00e5 amerikansk eller brittisk engelska? Hos oss kan du f\u00e5 hj\u00e4lp med b\u00e5da delar. Vi ser alltid till att v\u00e5ra kunder tilldelas en skribent som har r\u00e4tt kunskap och erfarenhet f\u00f6r det aktuella projektet. Dina texter blir p\u00e5 s\u00e5 vis v\u00e4lformulerade och inneh\u00e5llsrika, och dessutom skrivna i en ton som st\u00e4mmer \u00f6verens med den k\u00e4nsla du vill f\u00f6rmedla i din kommunikation. Genom att tilldela r\u00e4tt skribent till r\u00e4tt projekt sparar vi mycket tid som annars hade g\u00e5tt till research, vilket i sin tur g\u00f6r att vi kan erbjuda konkurrenskraftiga priser.<\/p>\n\n\n\n<h2 class=\"wp-block-heading\">Content p\u00e5 engelska som rankar h\u00f6gt i Googles s\u00f6kmotor<\/h2>\n\n\n\n<p>Huvudsyftet med era engelska texter \u00e4r f\u00f6rst\u00e5s att n\u00e5 ut till er m\u00e5lgrupp, men ut\u00f6ver det ser vi \u00e4ven till att hela er dom\u00e4n rankar h\u00f6gre. Detta g\u00f6r vi genom s\u00e5 kallad s\u00f6kmotoroptimering, vilket betyder att vi p\u00e5 ett naturligt s\u00e4tt <a href=\"https:\/\/contentonline.se\/en\/contentprodukter\/google-ads-annonser-och-meta-texter\/\">inkluderar relevanta s\u00f6kord i de engelska texterna<\/a>. P\u00e5 s\u00e5 vis ger vi er l\u00e5ngsiktiga f\u00f6ruts\u00e4ttningar att synas h\u00f6gre upp i Googles s\u00f6kmotor.<\/p>\n\n\n\n<h3 class=\"wp-block-heading\">Vad kostar en best\u00e4llning av engelska texter?<\/h3>\n\n\n\n<p>Ett f\u00e5tal, korta texter p\u00e5 engelska kostar naturligtvis mindre \u00e4n ett flertal l\u00e4ngre texter som kr\u00e4ver mycket research. Vad just din best\u00e4llning kommer att kosta beror allts\u00e5 helt och h\u00e5llet p\u00e5 hur mycket research som kr\u00e4vs och vilka typer av texter det r\u00f6r sig om.<\/p>\n\n\n\n<h2 class=\"wp-block-heading\">Ta kontakt med oss f\u00f6r mer information<\/h2>\n\n\n\n<p>Tveka inte att <a href=\"https:\/\/contentonline.se\/en\/kontakta-oss\/\">kontakta oss<\/a> redan idag f\u00f6r att diskutera dina behov av content p\u00e5 engelska. Vi kan normalt sett \u00e5terkomma med prisexempel och mer information redan samma dag som du l\u00e4mnar en konkret f\u00f6rfr\u00e5gan.&nbsp;<\/p>","protected":false},"excerpt":{"rendered":"<p>Best\u00e4ll engelska texter av h\u00f6g kvalitet Med engelska texter n\u00e5r du ut till en extremt stor m\u00e5lgrupp, vilket kan ha mycket positiva effekter f\u00f6r din verksamhet. Contentonline.se hj\u00e4lper mer \u00e4n g\u00e4rna till att utforma proffsigt content p\u00e5 engelska till exempelvis din webbplats. Vi har l\u00e5ng erfarenhet av att skriva texter p\u00e5 engelska, och samarbetar enbart [&hellip;]<\/p>\n","protected":false},"author":1,"featured_media":0,"parent":0,"menu_order":0,"comment_status":"closed","ping_status":"closed","template":"","meta":{"_acf_changed":false,"inline_featured_image":false,"footnotes":""},"class_list":["post-406","page","type-page","status-publish","hentry"],"acf":[],"yoast_head":"<!-- This site is optimized with the Yoast SEO plugin v27.5 - https:\/\/yoast.com\/product\/yoast-seo-wordpress\/ -->\n<title>Engelska texter \u2013 content som f\u00e5r din hemsida att ranka b\u00e4ttre<\/title>\n<meta name=\"description\" content=\"Med s\u00f6kmotoroptimerade engelska texter kan dina potentiella kunder l\u00e4ttare hitta dig. Vi p\u00e5 Contentonline.se har gedigen erfarenhet och r\u00e4tt kompetens.\" \/>\n<meta name=\"robots\" content=\"index, follow, max-snippet:-1, max-image-preview:large, max-video-preview:-1\" \/>\n<link rel=\"canonical\" href=\"http:\/\/contentonline.se\/en\/engelska-texter\/\" \/>\n<meta property=\"og:locale\" content=\"en_GB\" \/>\n<meta property=\"og:type\" content=\"article\" \/>\n<meta property=\"og:title\" content=\"Engelska texter \u2013 content som f\u00e5r din hemsida att ranka b\u00e4ttre\" \/>\n<meta property=\"og:description\" content=\"Med s\u00f6kmotoroptimerade engelska texter kan dina potentiella kunder l\u00e4ttare hitta dig. Vi p\u00e5 Contentonline.se har gedigen erfarenhet och r\u00e4tt kompetens.\" \/>\n<meta property=\"og:url\" content=\"http:\/\/contentonline.se\/en\/engelska-texter\/\" \/>\n<meta property=\"og:site_name\" content=\"Contentonline.se\" \/>\n<meta property=\"article:modified_time\" content=\"2023-01-26T14:12:19+00:00\" \/>\n<meta name=\"twitter:card\" content=\"summary_large_image\" \/>\n<meta name=\"twitter:label1\" content=\"Estimated reading time\" \/>\n\t<meta name=\"twitter:data1\" content=\"2 minutes\" \/>\n<script type=\"application\/ld+json\" class=\"yoast-schema-graph\">{\"@context\":\"https:\\\/\\\/schema.org\",\"@graph\":[{\"@type\":\"WebPage\",\"@id\":\"http:\\\/\\\/contentonline.se\\\/en\\\/engelska-texter\\\/\",\"url\":\"http:\\\/\\\/contentonline.se\\\/en\\\/engelska-texter\\\/\",\"name\":\"Engelska texter \u2013 content som f\u00e5r din hemsida att ranka b\u00e4ttre\",\"isPartOf\":{\"@id\":\"https:\\\/\\\/contentonline.se\\\/#website\"},\"datePublished\":\"2023-01-26T14:12:18+00:00\",\"dateModified\":\"2023-01-26T14:12:19+00:00\",\"description\":\"Med s\u00f6kmotoroptimerade engelska texter kan dina potentiella kunder l\u00e4ttare hitta dig. Vi p\u00e5 Contentonline.se har gedigen erfarenhet och r\u00e4tt kompetens.\",\"breadcrumb\":{\"@id\":\"http:\\\/\\\/contentonline.se\\\/en\\\/engelska-texter\\\/#breadcrumb\"},\"inLanguage\":\"en-GB\",\"potentialAction\":[{\"@type\":\"ReadAction\",\"target\":[\"http:\\\/\\\/contentonline.se\\\/en\\\/engelska-texter\\\/\"]}]},{\"@type\":\"BreadcrumbList\",\"@id\":\"http:\\\/\\\/contentonline.se\\\/en\\\/engelska-texter\\\/#breadcrumb\",\"itemListElement\":[{\"@type\":\"ListItem\",\"position\":1,\"name\":\"Home\",\"item\":\"https:\\\/\\\/contentonline.se\\\/\"},{\"@type\":\"ListItem\",\"position\":2,\"name\":\"Engelska texter\"}]},{\"@type\":\"WebSite\",\"@id\":\"https:\\\/\\\/contentonline.se\\\/#website\",\"url\":\"https:\\\/\\\/contentonline.se\\\/\",\"name\":\"Contentonline.se\",\"description\":\"Mer \u00e4n ord \u2013 vi f\u00e5r ditt f\u00f6retag att synas online\",\"publisher\":{\"@id\":\"https:\\\/\\\/contentonline.se\\\/#organization\"},\"potentialAction\":[{\"@type\":\"SearchAction\",\"target\":{\"@type\":\"EntryPoint\",\"urlTemplate\":\"https:\\\/\\\/contentonline.se\\\/?s={search_term_string}\"},\"query-input\":{\"@type\":\"PropertyValueSpecification\",\"valueRequired\":true,\"valueName\":\"search_term_string\"}}],\"inLanguage\":\"en-GB\"},{\"@type\":\"Organization\",\"@id\":\"https:\\\/\\\/contentonline.se\\\/#organization\",\"name\":\"Contentonline.se\",\"url\":\"https:\\\/\\\/contentonline.se\\\/\",\"logo\":{\"@type\":\"ImageObject\",\"inLanguage\":\"en-GB\",\"@id\":\"https:\\\/\\\/contentonline.se\\\/#\\\/schema\\\/logo\\\/image\\\/\",\"url\":\"http:\\\/\\\/contentonline.se\\\/wp-content\\\/uploads\\\/2025\\\/09\\\/Logo-.png\",\"contentUrl\":\"http:\\\/\\\/contentonline.se\\\/wp-content\\\/uploads\\\/2025\\\/09\\\/Logo-.png\",\"width\":122,\"height\":122,\"caption\":\"Contentonline.se\"},\"image\":{\"@id\":\"https:\\\/\\\/contentonline.se\\\/#\\\/schema\\\/logo\\\/image\\\/\"}}]}<\/script>\n<!-- \/ Yoast SEO plugin. -->","yoast_head_json":{"title":"Engelska texter \u2013 content som f\u00e5r din hemsida att ranka b\u00e4ttre","description":"Med s\u00f6kmotoroptimerade engelska texter kan dina potentiella kunder l\u00e4ttare hitta dig. Vi p\u00e5 Contentonline.se har gedigen erfarenhet och r\u00e4tt kompetens.","robots":{"index":"index","follow":"follow","max-snippet":"max-snippet:-1","max-image-preview":"max-image-preview:large","max-video-preview":"max-video-preview:-1"},"canonical":"http:\/\/contentonline.se\/en\/engelska-texter\/","og_locale":"en_GB","og_type":"article","og_title":"Engelska texter \u2013 content som f\u00e5r din hemsida att ranka b\u00e4ttre","og_description":"Med s\u00f6kmotoroptimerade engelska texter kan dina potentiella kunder l\u00e4ttare hitta dig. Vi p\u00e5 Contentonline.se har gedigen erfarenhet och r\u00e4tt kompetens.","og_url":"http:\/\/contentonline.se\/en\/engelska-texter\/","og_site_name":"Contentonline.se","article_modified_time":"2023-01-26T14:12:19+00:00","twitter_card":"summary_large_image","twitter_misc":{"Estimated reading time":"2 minutes"},"schema":{"@context":"https:\/\/schema.org","@graph":[{"@type":"WebPage","@id":"http:\/\/contentonline.se\/en\/engelska-texter\/","url":"http:\/\/contentonline.se\/en\/engelska-texter\/","name":"Engelska texter \u2013 content som f\u00e5r din hemsida att ranka b\u00e4ttre","isPartOf":{"@id":"https:\/\/contentonline.se\/#website"},"datePublished":"2023-01-26T14:12:18+00:00","dateModified":"2023-01-26T14:12:19+00:00","description":"Med s\u00f6kmotoroptimerade engelska texter kan dina potentiella kunder l\u00e4ttare hitta dig. Vi p\u00e5 Contentonline.se har gedigen erfarenhet och r\u00e4tt kompetens.","breadcrumb":{"@id":"http:\/\/contentonline.se\/en\/engelska-texter\/#breadcrumb"},"inLanguage":"en-GB","potentialAction":[{"@type":"ReadAction","target":["http:\/\/contentonline.se\/en\/engelska-texter\/"]}]},{"@type":"BreadcrumbList","@id":"http:\/\/contentonline.se\/en\/engelska-texter\/#breadcrumb","itemListElement":[{"@type":"ListItem","position":1,"name":"Home","item":"https:\/\/contentonline.se\/"},{"@type":"ListItem","position":2,"name":"Engelska texter"}]},{"@type":"WebSite","@id":"https:\/\/contentonline.se\/#website","url":"https:\/\/contentonline.se\/","name":"Contentonline.se","description":"Mer \u00e4n ord \u2013 vi f\u00e5r ditt f\u00f6retag att synas online","publisher":{"@id":"https:\/\/contentonline.se\/#organization"},"potentialAction":[{"@type":"SearchAction","target":{"@type":"EntryPoint","urlTemplate":"https:\/\/contentonline.se\/?s={search_term_string}"},"query-input":{"@type":"PropertyValueSpecification","valueRequired":true,"valueName":"search_term_string"}}],"inLanguage":"en-GB"},{"@type":"Organization","@id":"https:\/\/contentonline.se\/#organization","name":"Contentonline.se","url":"https:\/\/contentonline.se\/","logo":{"@type":"ImageObject","inLanguage":"en-GB","@id":"https:\/\/contentonline.se\/#\/schema\/logo\/image\/","url":"http:\/\/contentonline.se\/wp-content\/uploads\/2025\/09\/Logo-.png","contentUrl":"http:\/\/contentonline.se\/wp-content\/uploads\/2025\/09\/Logo-.png","width":122,"height":122,"caption":"Contentonline.se"},"image":{"@id":"https:\/\/contentonline.se\/#\/schema\/logo\/image\/"}}]}},"_links":{"self":[{"href":"http:\/\/contentonline.se\/en\/wp-json\/wp\/v2\/pages\/406","targetHints":{"allow":["GET"]}}],"collection":[{"href":"http:\/\/contentonline.se\/en\/wp-json\/wp\/v2\/pages"}],"about":[{"href":"http:\/\/contentonline.se\/en\/wp-json\/wp\/v2\/types\/page"}],"author":[{"embeddable":true,"href":"http:\/\/contentonline.se\/en\/wp-json\/wp\/v2\/users\/1"}],"replies":[{"embeddable":true,"href":"http:\/\/contentonline.se\/en\/wp-json\/wp\/v2\/comments?post=406"}],"version-history":[{"count":2,"href":"http:\/\/contentonline.se\/en\/wp-json\/wp\/v2\/pages\/406\/revisions"}],"predecessor-version":[{"id":428,"href":"http:\/\/contentonline.se\/en\/wp-json\/wp\/v2\/pages\/406\/revisions\/428"}],"wp:attachment":[{"href":"http:\/\/contentonline.se\/en\/wp-json\/wp\/v2\/media?parent=406"}],"curies":[{"name":"wp","href":"https:\/\/api.w.org\/{rel}","templated":true}]}}