{"id":437,"date":"2023-01-29T18:35:17","date_gmt":"2023-01-29T18:35:17","guid":{"rendered":"http:\/\/contentonline.se\/?page_id=437"},"modified":"2023-01-29T18:36:04","modified_gmt":"2023-01-29T18:36:04","slug":"korrekturlasning-pa-engelska","status":"publish","type":"page","link":"http:\/\/contentonline.se\/en\/korrekturlasning-pa-engelska\/","title":{"rendered":"Korrekturl\u00e4sning p\u00e5 engelska"},"content":{"rendered":"<h2 class=\"wp-block-heading\">Korrekturl\u00e4sning p\u00e5 engelska tar dina texter till n\u00e4sta niv\u00e5<\/h2>\n\n\n\n<p>Vi kan hj\u00e4lpa dig med korrekturl\u00e4sning p\u00e5 engelska. Du kan h\u00f6ra av dig om du till exempel har gjort egna \u00f6vers\u00e4ttningar till engelska som du vill ha granskade av ett proffs, eller har originaltexter som beh\u00f6ver g\u00e5s igenom en extra g\u00e5ng. Det \u00e4r sv\u00e5rt att korrekturl\u00e4sa texter man sj\u00e4lv har arbetat med, d\u00e4rf\u00f6r kan vi oftast h\u00f6ja kvalit\u00e9n \u00e4ven p\u00e5 texter som \u00e4r riktigt bra redan fr\u00e5n b\u00f6rjan.<\/p>\n\n\n\n<h2 class=\"wp-block-heading\">Spr\u00e5kgranskning p\u00e5 engelska<\/h2>\n\n\n\n<p>F\u00f6rutom korrekturl\u00e4sning p\u00e5 engelska erbjuder vi spr\u00e5kgranskning om du inte bara vill korrigera rena felaktigheter utan h\u00f6ja kvalit\u00e9n p\u00e5 ett mer genomgripande s\u00e4tt. Skillnaden mellan spr\u00e5kgranskning och korrekturl\u00e4sning p\u00e5 engelska \u00e4r allts\u00e5 att vi vid spr\u00e5kgranskning tar ett vidare grepp och hj\u00e4lper till att justera texten s\u00e5 att den \u00e4r tydlig och har bra tonalitet i f\u00f6rh\u00e5llande till den kontext d\u00e4r den kommer att publiceras. Vi tittar p\u00e5 b\u00e5de disposition och ordval. Vid korrekturl\u00e4sning ser vi till s\u00e5 att stavning och meningsbyggnad blir r\u00e4tt och alla uttryck och liknelser har avsedd effekt. Det brukar vara extra viktigt vid <a href=\"https:\/\/contentonline.se\/en\/oversattning-pa-engelska\/\">\u00f6vers\u00e4ttningar till engelska<\/a>.<\/p>\n\n\n\n<p>Vi kan ocks\u00e5 g\u00f6ra en spr\u00e5kgranskning p\u00e5 engelska i syfte att avg\u00f6ra om texten kommer att synas bra i s\u00f6kmotorer eller om den har en ton som passar er m\u00e5lgrupp. I samr\u00e5d med er kan vi sedan skriva om texterna helt eller g\u00f6ra en mindre bearbetning. Om s\u00f6kord beh\u00f6ver implementeras i en text eller om specifika s\u00f6kfraser beh\u00f6ver bli besvarade f\u00f6r att texten ska komma till sin r\u00e4tt i Google s\u00e5 kan vi hj\u00e4lpa er med det. F\u00f6r de flesta f\u00f6retag \u00e4r det v\u00e4l v\u00e4rt att arbeta med s\u00f6kmotoroptimering, och spr\u00e5kgranskning p\u00e5 engelska kan allts\u00e5 vara ett led i det om ni v\u00e4nder er till oss.<\/p>\n\n\n\n<h2 class=\"wp-block-heading\">Medarbetare med bred erfarenhet<\/h2>\n\n\n\n<p>P\u00e5 Contentonline.se jobbar erfarna \u00f6vers\u00e4ttare och spr\u00e5kgranskare med vana fr\u00e5n olika typer av <a href=\"http:\/\/contentonline.se\/en\/engelska-texter\/\">engelska texter<\/a> och projekt. En f\u00f6rdel med det \u00e4r att vi ofta kan ge uppdraget till en person som kan er bransch och som tidigare har jobbat med det texterna handlar om. P\u00e5 s\u00e5 s\u00e4tt kan vi arbeta tidseffektivt, och det kommer ni att m\u00e4rka p\u00e5 priset. Hos oss g\u00f6rs alla korrekturl\u00e4sningar p\u00e5 engelska av n\u00e5gon som har engelska som modersm\u00e5l.&nbsp;<\/p>\n\n\n\n<p>Korrekturl\u00e4sning p\u00e5 engelska kan handla om allt fr\u00e5n s\u00e4ljande produktbeskrivningar till underh\u00e5llande bloggposter eller faktatunga och mer avancerade texter d\u00e4r det \u00e4r extra viktigt att allt \u00e4r r\u00e4tt.&nbsp;<\/p>\n\n\n\n<h2 class=\"wp-block-heading\">Kontakta oss s\u00e5 ber\u00e4ttar vi mer om korrekturl\u00e4sning p\u00e5 engelska<\/h2>\n\n\n\n<p>Har ni fr\u00e5gor om hur vi kan hj\u00e4lpa er med spr\u00e5kgranskning och korrekturl\u00e4sning \u00e4r ni v\u00e4lkomna att <a href=\"https:\/\/contentonline.se\/en\/kontakta-oss\/\">h\u00f6ra av er<\/a>. Vi brukar kunna ge pris samma dag som vi f\u00e5r en konkret f\u00f6rfr\u00e5gan.<\/p>","protected":false},"excerpt":{"rendered":"<p>Korrekturl\u00e4sning p\u00e5 engelska tar dina texter till n\u00e4sta niv\u00e5 Vi kan hj\u00e4lpa dig med korrekturl\u00e4sning p\u00e5 engelska. Du kan h\u00f6ra av dig om du till exempel har gjort egna \u00f6vers\u00e4ttningar till engelska som du vill ha granskade av ett proffs, eller har originaltexter som beh\u00f6ver g\u00e5s igenom en extra g\u00e5ng. Det \u00e4r sv\u00e5rt att korrekturl\u00e4sa [&hellip;]<\/p>\n","protected":false},"author":1,"featured_media":0,"parent":0,"menu_order":0,"comment_status":"closed","ping_status":"closed","template":"","meta":{"_acf_changed":false,"inline_featured_image":false,"footnotes":""},"class_list":["post-437","page","type-page","status-publish","hentry"],"acf":[],"yoast_head":"<!-- This site is optimized with the Yoast SEO plugin v27.5 - https:\/\/yoast.com\/product\/yoast-seo-wordpress\/ -->\n<title>Korrekturl\u00e4sning p\u00e5 engelska fr\u00e5n erfarna korrekturl\u00e4sare till bra pris<\/title>\n<meta name=\"description\" content=\"Vi har erfarna medarbetare med engelska som modersm\u00e5l som kan utf\u00f6ra spr\u00e5kgranskning och korrekturl\u00e4sning p\u00e5 engelska till bra pris!\" \/>\n<meta name=\"robots\" content=\"index, follow, max-snippet:-1, max-image-preview:large, max-video-preview:-1\" \/>\n<link rel=\"canonical\" href=\"http:\/\/contentonline.se\/en\/korrekturlasning-pa-engelska\/\" \/>\n<meta property=\"og:locale\" content=\"en_GB\" \/>\n<meta property=\"og:type\" content=\"article\" \/>\n<meta property=\"og:title\" content=\"Korrekturl\u00e4sning p\u00e5 engelska fr\u00e5n erfarna korrekturl\u00e4sare till bra pris\" \/>\n<meta property=\"og:description\" content=\"Vi har erfarna medarbetare med engelska som modersm\u00e5l som kan utf\u00f6ra spr\u00e5kgranskning och korrekturl\u00e4sning p\u00e5 engelska till bra pris!\" \/>\n<meta property=\"og:url\" content=\"http:\/\/contentonline.se\/en\/korrekturlasning-pa-engelska\/\" \/>\n<meta property=\"og:site_name\" content=\"Contentonline.se\" \/>\n<meta property=\"article:modified_time\" content=\"2023-01-29T18:36:04+00:00\" \/>\n<meta name=\"twitter:card\" content=\"summary_large_image\" \/>\n<meta name=\"twitter:label1\" content=\"Estimated reading time\" \/>\n\t<meta name=\"twitter:data1\" content=\"3 minutes\" \/>\n<script type=\"application\/ld+json\" class=\"yoast-schema-graph\">{\"@context\":\"https:\\\/\\\/schema.org\",\"@graph\":[{\"@type\":\"WebPage\",\"@id\":\"http:\\\/\\\/contentonline.se\\\/korrekturlasning-pa-engelska\\\/\",\"url\":\"http:\\\/\\\/contentonline.se\\\/korrekturlasning-pa-engelska\\\/\",\"name\":\"Korrekturl\u00e4sning p\u00e5 engelska fr\u00e5n erfarna korrekturl\u00e4sare till bra pris\",\"isPartOf\":{\"@id\":\"https:\\\/\\\/contentonline.se\\\/#website\"},\"datePublished\":\"2023-01-29T18:35:17+00:00\",\"dateModified\":\"2023-01-29T18:36:04+00:00\",\"description\":\"Vi har erfarna medarbetare med engelska som modersm\u00e5l som kan utf\u00f6ra spr\u00e5kgranskning och korrekturl\u00e4sning p\u00e5 engelska till bra pris!\",\"breadcrumb\":{\"@id\":\"http:\\\/\\\/contentonline.se\\\/korrekturlasning-pa-engelska\\\/#breadcrumb\"},\"inLanguage\":\"en-GB\",\"potentialAction\":[{\"@type\":\"ReadAction\",\"target\":[\"http:\\\/\\\/contentonline.se\\\/korrekturlasning-pa-engelska\\\/\"]}]},{\"@type\":\"BreadcrumbList\",\"@id\":\"http:\\\/\\\/contentonline.se\\\/korrekturlasning-pa-engelska\\\/#breadcrumb\",\"itemListElement\":[{\"@type\":\"ListItem\",\"position\":1,\"name\":\"Home\",\"item\":\"https:\\\/\\\/contentonline.se\\\/\"},{\"@type\":\"ListItem\",\"position\":2,\"name\":\"Korrekturl\u00e4sning p\u00e5 engelska\"}]},{\"@type\":\"WebSite\",\"@id\":\"https:\\\/\\\/contentonline.se\\\/#website\",\"url\":\"https:\\\/\\\/contentonline.se\\\/\",\"name\":\"Contentonline.se\",\"description\":\"Mer \u00e4n ord \u2013 vi f\u00e5r ditt f\u00f6retag att synas online\",\"publisher\":{\"@id\":\"https:\\\/\\\/contentonline.se\\\/#organization\"},\"potentialAction\":[{\"@type\":\"SearchAction\",\"target\":{\"@type\":\"EntryPoint\",\"urlTemplate\":\"https:\\\/\\\/contentonline.se\\\/?s={search_term_string}\"},\"query-input\":{\"@type\":\"PropertyValueSpecification\",\"valueRequired\":true,\"valueName\":\"search_term_string\"}}],\"inLanguage\":\"en-GB\"},{\"@type\":\"Organization\",\"@id\":\"https:\\\/\\\/contentonline.se\\\/#organization\",\"name\":\"Contentonline.se\",\"url\":\"https:\\\/\\\/contentonline.se\\\/\",\"logo\":{\"@type\":\"ImageObject\",\"inLanguage\":\"en-GB\",\"@id\":\"https:\\\/\\\/contentonline.se\\\/#\\\/schema\\\/logo\\\/image\\\/\",\"url\":\"http:\\\/\\\/contentonline.se\\\/wp-content\\\/uploads\\\/2025\\\/09\\\/Logo-.png\",\"contentUrl\":\"http:\\\/\\\/contentonline.se\\\/wp-content\\\/uploads\\\/2025\\\/09\\\/Logo-.png\",\"width\":122,\"height\":122,\"caption\":\"Contentonline.se\"},\"image\":{\"@id\":\"https:\\\/\\\/contentonline.se\\\/#\\\/schema\\\/logo\\\/image\\\/\"}}]}<\/script>\n<!-- \/ Yoast SEO plugin. -->","yoast_head_json":{"title":"Korrekturl\u00e4sning p\u00e5 engelska fr\u00e5n erfarna korrekturl\u00e4sare till bra pris","description":"Vi har erfarna medarbetare med engelska som modersm\u00e5l som kan utf\u00f6ra spr\u00e5kgranskning och korrekturl\u00e4sning p\u00e5 engelska till bra pris!","robots":{"index":"index","follow":"follow","max-snippet":"max-snippet:-1","max-image-preview":"max-image-preview:large","max-video-preview":"max-video-preview:-1"},"canonical":"http:\/\/contentonline.se\/en\/korrekturlasning-pa-engelska\/","og_locale":"en_GB","og_type":"article","og_title":"Korrekturl\u00e4sning p\u00e5 engelska fr\u00e5n erfarna korrekturl\u00e4sare till bra pris","og_description":"Vi har erfarna medarbetare med engelska som modersm\u00e5l som kan utf\u00f6ra spr\u00e5kgranskning och korrekturl\u00e4sning p\u00e5 engelska till bra pris!","og_url":"http:\/\/contentonline.se\/en\/korrekturlasning-pa-engelska\/","og_site_name":"Contentonline.se","article_modified_time":"2023-01-29T18:36:04+00:00","twitter_card":"summary_large_image","twitter_misc":{"Estimated reading time":"3 minutes"},"schema":{"@context":"https:\/\/schema.org","@graph":[{"@type":"WebPage","@id":"http:\/\/contentonline.se\/korrekturlasning-pa-engelska\/","url":"http:\/\/contentonline.se\/korrekturlasning-pa-engelska\/","name":"Korrekturl\u00e4sning p\u00e5 engelska fr\u00e5n erfarna korrekturl\u00e4sare till bra pris","isPartOf":{"@id":"https:\/\/contentonline.se\/#website"},"datePublished":"2023-01-29T18:35:17+00:00","dateModified":"2023-01-29T18:36:04+00:00","description":"Vi har erfarna medarbetare med engelska som modersm\u00e5l som kan utf\u00f6ra spr\u00e5kgranskning och korrekturl\u00e4sning p\u00e5 engelska till bra pris!","breadcrumb":{"@id":"http:\/\/contentonline.se\/korrekturlasning-pa-engelska\/#breadcrumb"},"inLanguage":"en-GB","potentialAction":[{"@type":"ReadAction","target":["http:\/\/contentonline.se\/korrekturlasning-pa-engelska\/"]}]},{"@type":"BreadcrumbList","@id":"http:\/\/contentonline.se\/korrekturlasning-pa-engelska\/#breadcrumb","itemListElement":[{"@type":"ListItem","position":1,"name":"Home","item":"https:\/\/contentonline.se\/"},{"@type":"ListItem","position":2,"name":"Korrekturl\u00e4sning p\u00e5 engelska"}]},{"@type":"WebSite","@id":"https:\/\/contentonline.se\/#website","url":"https:\/\/contentonline.se\/","name":"Contentonline.se","description":"Mer \u00e4n ord \u2013 vi f\u00e5r ditt f\u00f6retag att synas online","publisher":{"@id":"https:\/\/contentonline.se\/#organization"},"potentialAction":[{"@type":"SearchAction","target":{"@type":"EntryPoint","urlTemplate":"https:\/\/contentonline.se\/?s={search_term_string}"},"query-input":{"@type":"PropertyValueSpecification","valueRequired":true,"valueName":"search_term_string"}}],"inLanguage":"en-GB"},{"@type":"Organization","@id":"https:\/\/contentonline.se\/#organization","name":"Contentonline.se","url":"https:\/\/contentonline.se\/","logo":{"@type":"ImageObject","inLanguage":"en-GB","@id":"https:\/\/contentonline.se\/#\/schema\/logo\/image\/","url":"http:\/\/contentonline.se\/wp-content\/uploads\/2025\/09\/Logo-.png","contentUrl":"http:\/\/contentonline.se\/wp-content\/uploads\/2025\/09\/Logo-.png","width":122,"height":122,"caption":"Contentonline.se"},"image":{"@id":"https:\/\/contentonline.se\/#\/schema\/logo\/image\/"}}]}},"_links":{"self":[{"href":"http:\/\/contentonline.se\/en\/wp-json\/wp\/v2\/pages\/437","targetHints":{"allow":["GET"]}}],"collection":[{"href":"http:\/\/contentonline.se\/en\/wp-json\/wp\/v2\/pages"}],"about":[{"href":"http:\/\/contentonline.se\/en\/wp-json\/wp\/v2\/types\/page"}],"author":[{"embeddable":true,"href":"http:\/\/contentonline.se\/en\/wp-json\/wp\/v2\/users\/1"}],"replies":[{"embeddable":true,"href":"http:\/\/contentonline.se\/en\/wp-json\/wp\/v2\/comments?post=437"}],"version-history":[{"count":1,"href":"http:\/\/contentonline.se\/en\/wp-json\/wp\/v2\/pages\/437\/revisions"}],"predecessor-version":[{"id":438,"href":"http:\/\/contentonline.se\/en\/wp-json\/wp\/v2\/pages\/437\/revisions\/438"}],"wp:attachment":[{"href":"http:\/\/contentonline.se\/en\/wp-json\/wp\/v2\/media?parent=437"}],"curies":[{"name":"wp","href":"https:\/\/api.w.org\/{rel}","templated":true}]}}