{"id":817,"date":"2025-10-20T06:16:16","date_gmt":"2025-10-20T04:16:16","guid":{"rendered":"https:\/\/nexaq.egenstheme.com\/?page_id=817"},"modified":"2026-01-28T11:48:30","modified_gmt":"2026-01-28T09:48:30","slug":"om-oss","status":"publish","type":"page","link":"http:\/\/contentonline.se\/en\/om-oss\/","title":{"rendered":"Om oss"},"content":{"rendered":"<div data-elementor-type=\"wp-page\" data-elementor-id=\"817\" class=\"elementor elementor-817\">\n\t\t\t\t<div class=\"elementor-element elementor-element-f50859a e-flex e-con-boxed e-con e-parent\" data-id=\"f50859a\" data-element_type=\"container\" data-e-type=\"container\" id=\"scroll-section\">\n\t\t\t\t\t<div class=\"e-con-inner\">\n\t\t\t\t<div class=\"elementor-element elementor-element-5293032 elementor-widget elementor-widget-nexaq_about\" data-id=\"5293032\" data-element_type=\"widget\" data-e-type=\"widget\" data-widget_type=\"nexaq_about.default\">\n\t\t\t\t<div class=\"elementor-widget-container\">\n\t\t\t\t\t                    <div class=\"home1-about-section\">\n                <div class=\"container\">\n                    <div class=\"about-top-area mb-110\">\n                        <div class=\"row align-items-center g-4 mb-60\">\n                            <div class=\"col-lg-6\">\n                                <div class=\"section-title text-animation\">\n                                                                            <span class=\"sub-title\">Om Contentonline.se<\/span>\n                                                                                                                <h2>Kvalitet du kan lita p\u00e5. M\u00e4nniskor du trivs att jobba med.<\/h2>\n                                                                    <\/div>\n                            <\/div>\n                            <div class=\"col-lg-6 d-flex justify-content-end\">\n                                <div class=\"section-top-content text-animation\">\n                                                                            <p>Contentonline.se grundades 2017 med m\u00e5let att leverera content av h\u00f6g kvalitet \u2013 tillg\u00e4ngligt, flexibelt och anpassat efter varje kunds behov. Vi vet att content \u00e4r mer \u00e4n bara ord p\u00e5 en sida; det \u00e4r l\u00e4nken mellan ditt f\u00f6retag och dina kunder. Genom att verkligen lyssna och f\u00f6rst\u00e5 varje uppdrags unika f\u00f6ruts\u00e4ttningar skapar vi texter som k\u00e4nns naturliga, tr\u00e4ffs\u00e4kra och redo att publiceras utan on\u00f6diga justeringar eller f\u00f6rseningar.<\/p>\n                                                                                                                                                                                    <\/div>\n                            <\/div>\n                        <\/div>\n                        <div class=\"row g-4\">\n                                                            <div class=\"col-lg-4 col-md-6\">\n                                    <div class=\"about-feature-card magnetic-item\">\n                                                                                    <div class=\"icon\">\n                                                                                            <\/div>\n                                                                                <div class=\"content\">\n                                                                                            <h4>Kommunikation<\/h4>\n                                                                                                                                        <p>Vi v\u00e4rdes\u00e4tter dialogen lika mycket som leveransen: tydlig, tillg\u00e4nglig och genuin.<\/p>\n                                                                                    <\/div>\n                                    <\/div>\n                                <\/div>\n                                                            <div class=\"col-lg-4 col-md-6\">\n                                    <div class=\"about-feature-card magnetic-item\">\n                                                                                    <div class=\"icon\">\n                                                                                            <\/div>\n                                                                                <div class=\"content\">\n                                                                                            <h4>Samarbete<\/h4>\n                                                                                                                                        <p>Vi tror p\u00e5 tydlighet, kvalitet och v\u00e4rme: samarbeten som flyter smidigt och k\u00e4nns meningsfulla.<\/p>\n                                                                                    <\/div>\n                                    <\/div>\n                                <\/div>\n                                                            <div class=\"col-lg-4 col-md-6\">\n                                    <div class=\"about-feature-card magnetic-item\">\n                                                                                    <div class=\"icon\">\n                                                                                            <\/div>\n                                                                                <div class=\"content\">\n                                                                                            <h4>Process<\/h4>\n                                                                                                                                        <p>Hos oss \u00e4r processen lika viktig som resultatet: tydlig, smidig och alltid med en m\u00e4nsklig ton.<\/p>\n                                                                                    <\/div>\n                                    <\/div>\n                                <\/div>\n                                                    <\/div>\n                    <\/div>\n                    <div class=\"about-bottom-area\">\n                        <div class=\"row g-lg-4 gy-5\">\n                                                            <div class=\"col-lg-6\">\n                                    <div class=\"about-video-area magnetic-item\">\n                                        <a href=\"\" class=\"video-player\" data-cursor=\"Watch <br> Reel\">\n                                            <img decoding=\"async\" src=\"http:\/\/contentonline.se\/wp-content\/uploads\/2025\/10\/group-business-executives-forming-huddle-scaled-e1760600372107.jpg\" alt=\"banner-image\">\n                                        <\/a>\n                                    <\/div>\n                                <\/div>\n                                                        <div class=\"col-lg-6\">\n                                <div class=\"about-bottom-content text-animation\">\n                                                                            <div class=\"section-title\">\n                                            <h2>V\u00e5rt team<\/h2>\n                                        <\/div>\n                                                                        <div class=\"content-and-btn\">\n                                                                                    <p>V\u00e5rt team best\u00e5r av skickliga frilansare, m\u00e5nga som varit med sedan starten. Alla arbetar p\u00e5 sitt modersm\u00e5l och har l\u00e5ng erfarenhet av att skriva, redigera och \u00f6vers\u00e4tta professionellt. N\u00e4r vi rekryterar nya skribenter eller \u00f6vers\u00e4ttare g\u00f6rs det med stor omsorg \u2013 vi letar efter personer som inte bara har r\u00e4tt kompetens, utan ocks\u00e5 delar v\u00e5ra v\u00e4rderingar kring kvalitet, samarbete och p\u00e5litlighet.\n\nF\u00f6r att s\u00e4kerst\u00e4lla h\u00f6gsta kvalitet granskas alla texter av en korrekturl\u00e4sare. Varje nytt projekt matchas med r\u00e4tt person utifr\u00e5n \u00e4mne, m\u00e5lgrupp och erfarenhet. V\u00e5ra huvudspr\u00e5k \u00e4r engelska, svenska, norska, danska, finska, tyska, nederl\u00e4ndska, franska, spanska, portugisiska, ryska, arabiska och turkiska \u2013 men vi ut\u00f6kar g\u00e4rna vid behov.<\/p>\n                                                                                                                    <\/div>\n                                <\/div>\n                            <\/div>\n                        <\/div>\n                    <\/div>\n                <\/div>\n            <\/div>\n        \n\n        \n        \n        \n        \t\t\t\t<\/div>\n\t\t\t\t<\/div>\n\t\t\t\t\t<\/div>\n\t\t\t\t<\/div>\n\t\t<div class=\"elementor-element elementor-element-04468f6 e-flex e-con-boxed e-con e-parent\" data-id=\"04468f6\" data-element_type=\"container\" data-e-type=\"container\">\n\t\t\t\t\t<div class=\"e-con-inner\">\n\t\t\t\t<div class=\"elementor-element elementor-element-927c911 elementor-widget elementor-widget-nexaq_hero_banner_one\" data-id=\"927c911\" data-element_type=\"widget\" data-e-type=\"widget\" data-widget_type=\"nexaq_hero_banner_one.default\">\n\t\t\t\t<div class=\"elementor-widget-container\">\n\t\t\t\t\t\n        <div class=\"home1-banner-section\">\n            <div class=\"container-fluid\">\n                <div class=\"row\">\n                    <div class=\"col-lg-7\">\n                        <div class=\"banner-content\">\n                                                            <h1 class=\"text-animation\">M\u00f6t Ulrika \u2013 Grundare av Contentonline.se<\/h1>\n                                                                                        <p class=\"text-animation\">Jag heter Ulrika och kommer ursprungligen fr\u00e5n Stockholm. Min bakgrund som socionom har gett mig en djup f\u00f6rst\u00e5else f\u00f6r m\u00e4nniskor och deras behov \u2013 n\u00e5got som genomsyrar mitt arbete \u00e4n i dag. Efter att ha inlett min karri\u00e4r inom SEO i Istanbul v\u00e4xte mitt intresse f\u00f6r content och \u00f6vers\u00e4ttningar, och efter flera \u00e5r p\u00e5 byr\u00e5 startade jag Contentonline.se.\n\nI dag leder jag f\u00f6retaget som b\u00e5de vd och projektledare och ser till att allt flyter p\u00e5 och att v\u00e5ra kunder f\u00e5r resultat av h\u00f6gsta kvalitet. Det som driver mig \u00e4r att skapa verkligt v\u00e4rde \u2013 b\u00e5de f\u00f6r v\u00e5ra kunder och v\u00e5rt team \u2013 f\u00f6r jag tror att riktigt bra resultat f\u00f6ds ur bra samarbeten.<\/p>\n                                                        <div class=\"button-grp\">\n                                \n                                                            <\/div>\n                        <\/div>\n                    <\/div>\n                    <div class=\"col-lg-5\">\n                                                    <div class=\"banner-img magnetic-item\" style=\"\">\n                                <img decoding=\"async\" src=\"http:\/\/contentonline.se\/wp-content\/uploads\/2025\/10\/US1-removebg-preview-1.png\"\n                                    alt=\"your alter text\">\n                            <\/div>\n                                            <\/div>\n                <\/div>\n                <ul class=\"social-list\">\n                                    <\/ul>\n            <\/div>\n        <\/div>\n\t\t\t\t<\/div>\n\t\t\t\t<\/div>\n\t\t\t\t\t<\/div>\n\t\t\t\t<\/div>\n\t\t\t\t<\/div>","protected":false},"excerpt":{"rendered":"<p>Om Contentonline.se Kvalitet du kan lita p\u00e5. M\u00e4nniskor du trivs att jobba med. Contentonline.se grundades 2017 med m\u00e5let att leverera content av h\u00f6g kvalitet \u2013 tillg\u00e4ngligt, flexibelt och anpassat efter varje kunds behov. Vi vet att content \u00e4r mer \u00e4n bara ord p\u00e5 en sida; det \u00e4r l\u00e4nken mellan ditt f\u00f6retag och dina kunder. Genom [&hellip;]<\/p>\n","protected":false},"author":1,"featured_media":0,"parent":0,"menu_order":0,"comment_status":"closed","ping_status":"closed","template":"","meta":{"_acf_changed":false,"inline_featured_image":false,"footnotes":""},"class_list":["post-817","page","type-page","status-publish","hentry"],"acf":[],"yoast_head":"<!-- This site is optimized with the Yoast SEO plugin v27.5 - https:\/\/yoast.com\/product\/yoast-seo-wordpress\/ -->\n<title>Om Contentonline.se | Text, \u00f6vers\u00e4ttning och SEO<\/title>\n<meta name=\"description\" content=\"L\u00e4r k\u00e4nna oss p\u00e5 Contentonline.se och hur vi arbetar med text, \u00f6vers\u00e4ttning och SEO med fokus p\u00e5 kvalitet och struktur.\" \/>\n<meta name=\"robots\" content=\"index, follow, max-snippet:-1, max-image-preview:large, max-video-preview:-1\" \/>\n<link rel=\"canonical\" href=\"http:\/\/contentonline.se\/en\/om-oss\/\" \/>\n<meta property=\"og:locale\" content=\"en_GB\" \/>\n<meta property=\"og:type\" content=\"article\" \/>\n<meta property=\"og:title\" content=\"Om Contentonline.se | Text, \u00f6vers\u00e4ttning och SEO\" \/>\n<meta property=\"og:description\" content=\"L\u00e4r k\u00e4nna oss p\u00e5 Contentonline.se och hur vi arbetar med text, \u00f6vers\u00e4ttning och SEO med fokus p\u00e5 kvalitet och struktur.\" \/>\n<meta property=\"og:url\" content=\"http:\/\/contentonline.se\/en\/om-oss\/\" \/>\n<meta property=\"og:site_name\" content=\"Contentonline.se\" \/>\n<meta property=\"article:modified_time\" content=\"2026-01-28T09:48:30+00:00\" \/>\n<meta property=\"og:image\" content=\"http:\/\/contentonline.se\/wp-content\/uploads\/2025\/10\/group-business-executives-forming-huddle-scaled-e1760600372107.jpg\" \/>\n<meta name=\"twitter:card\" content=\"summary_large_image\" \/>\n<meta name=\"twitter:label1\" content=\"Estimated reading time\" \/>\n\t<meta name=\"twitter:data1\" content=\"2 minutes\" \/>\n<script type=\"application\/ld+json\" class=\"yoast-schema-graph\">{\"@context\":\"https:\\\/\\\/schema.org\",\"@graph\":[{\"@type\":\"WebPage\",\"@id\":\"http:\\\/\\\/contentonline.se\\\/om-oss\\\/\",\"url\":\"http:\\\/\\\/contentonline.se\\\/om-oss\\\/\",\"name\":\"Om Contentonline.se | Text, \u00f6vers\u00e4ttning och SEO\",\"isPartOf\":{\"@id\":\"https:\\\/\\\/contentonline.se\\\/#website\"},\"primaryImageOfPage\":{\"@id\":\"http:\\\/\\\/contentonline.se\\\/om-oss\\\/#primaryimage\"},\"image\":{\"@id\":\"http:\\\/\\\/contentonline.se\\\/om-oss\\\/#primaryimage\"},\"thumbnailUrl\":\"http:\\\/\\\/contentonline.se\\\/wp-content\\\/uploads\\\/2025\\\/10\\\/group-business-executives-forming-huddle-scaled-e1760600372107.jpg\",\"datePublished\":\"2025-10-20T04:16:16+00:00\",\"dateModified\":\"2026-01-28T09:48:30+00:00\",\"description\":\"L\u00e4r k\u00e4nna oss p\u00e5 Contentonline.se och hur vi arbetar med text, \u00f6vers\u00e4ttning och SEO med fokus p\u00e5 kvalitet och struktur.\",\"breadcrumb\":{\"@id\":\"http:\\\/\\\/contentonline.se\\\/om-oss\\\/#breadcrumb\"},\"inLanguage\":\"en-GB\",\"potentialAction\":[{\"@type\":\"ReadAction\",\"target\":[\"http:\\\/\\\/contentonline.se\\\/om-oss\\\/\"]}]},{\"@type\":\"ImageObject\",\"inLanguage\":\"en-GB\",\"@id\":\"http:\\\/\\\/contentonline.se\\\/om-oss\\\/#primaryimage\",\"url\":\"http:\\\/\\\/contentonline.se\\\/wp-content\\\/uploads\\\/2025\\\/10\\\/group-business-executives-forming-huddle-scaled-e1760600372107.jpg\",\"contentUrl\":\"http:\\\/\\\/contentonline.se\\\/wp-content\\\/uploads\\\/2025\\\/10\\\/group-business-executives-forming-huddle-scaled-e1760600372107.jpg\"},{\"@type\":\"BreadcrumbList\",\"@id\":\"http:\\\/\\\/contentonline.se\\\/om-oss\\\/#breadcrumb\",\"itemListElement\":[{\"@type\":\"ListItem\",\"position\":1,\"name\":\"Home\",\"item\":\"https:\\\/\\\/contentonline.se\\\/\"},{\"@type\":\"ListItem\",\"position\":2,\"name\":\"Om oss\"}]},{\"@type\":\"WebSite\",\"@id\":\"https:\\\/\\\/contentonline.se\\\/#website\",\"url\":\"https:\\\/\\\/contentonline.se\\\/\",\"name\":\"Contentonline.se\",\"description\":\"Mer \u00e4n ord \u2013 vi f\u00e5r ditt f\u00f6retag att synas online\",\"publisher\":{\"@id\":\"https:\\\/\\\/contentonline.se\\\/#organization\"},\"potentialAction\":[{\"@type\":\"SearchAction\",\"target\":{\"@type\":\"EntryPoint\",\"urlTemplate\":\"https:\\\/\\\/contentonline.se\\\/?s={search_term_string}\"},\"query-input\":{\"@type\":\"PropertyValueSpecification\",\"valueRequired\":true,\"valueName\":\"search_term_string\"}}],\"inLanguage\":\"en-GB\"},{\"@type\":\"Organization\",\"@id\":\"https:\\\/\\\/contentonline.se\\\/#organization\",\"name\":\"Contentonline.se\",\"url\":\"https:\\\/\\\/contentonline.se\\\/\",\"logo\":{\"@type\":\"ImageObject\",\"inLanguage\":\"en-GB\",\"@id\":\"https:\\\/\\\/contentonline.se\\\/#\\\/schema\\\/logo\\\/image\\\/\",\"url\":\"http:\\\/\\\/contentonline.se\\\/wp-content\\\/uploads\\\/2025\\\/09\\\/Logo-.png\",\"contentUrl\":\"http:\\\/\\\/contentonline.se\\\/wp-content\\\/uploads\\\/2025\\\/09\\\/Logo-.png\",\"width\":122,\"height\":122,\"caption\":\"Contentonline.se\"},\"image\":{\"@id\":\"https:\\\/\\\/contentonline.se\\\/#\\\/schema\\\/logo\\\/image\\\/\"}}]}<\/script>\n<!-- \/ Yoast SEO plugin. -->","yoast_head_json":{"title":"Om Contentonline.se | Text, \u00f6vers\u00e4ttning och SEO","description":"L\u00e4r k\u00e4nna oss p\u00e5 Contentonline.se och hur vi arbetar med text, \u00f6vers\u00e4ttning och SEO med fokus p\u00e5 kvalitet och struktur.","robots":{"index":"index","follow":"follow","max-snippet":"max-snippet:-1","max-image-preview":"max-image-preview:large","max-video-preview":"max-video-preview:-1"},"canonical":"http:\/\/contentonline.se\/en\/om-oss\/","og_locale":"en_GB","og_type":"article","og_title":"Om Contentonline.se | Text, \u00f6vers\u00e4ttning och SEO","og_description":"L\u00e4r k\u00e4nna oss p\u00e5 Contentonline.se och hur vi arbetar med text, \u00f6vers\u00e4ttning och SEO med fokus p\u00e5 kvalitet och struktur.","og_url":"http:\/\/contentonline.se\/en\/om-oss\/","og_site_name":"Contentonline.se","article_modified_time":"2026-01-28T09:48:30+00:00","og_image":[{"url":"http:\/\/contentonline.se\/wp-content\/uploads\/2025\/10\/group-business-executives-forming-huddle-scaled-e1760600372107.jpg","type":"","width":"","height":""}],"twitter_card":"summary_large_image","twitter_misc":{"Estimated reading time":"2 minutes"},"schema":{"@context":"https:\/\/schema.org","@graph":[{"@type":"WebPage","@id":"http:\/\/contentonline.se\/om-oss\/","url":"http:\/\/contentonline.se\/om-oss\/","name":"Om Contentonline.se | Text, \u00f6vers\u00e4ttning och SEO","isPartOf":{"@id":"https:\/\/contentonline.se\/#website"},"primaryImageOfPage":{"@id":"http:\/\/contentonline.se\/om-oss\/#primaryimage"},"image":{"@id":"http:\/\/contentonline.se\/om-oss\/#primaryimage"},"thumbnailUrl":"http:\/\/contentonline.se\/wp-content\/uploads\/2025\/10\/group-business-executives-forming-huddle-scaled-e1760600372107.jpg","datePublished":"2025-10-20T04:16:16+00:00","dateModified":"2026-01-28T09:48:30+00:00","description":"L\u00e4r k\u00e4nna oss p\u00e5 Contentonline.se och hur vi arbetar med text, \u00f6vers\u00e4ttning och SEO med fokus p\u00e5 kvalitet och struktur.","breadcrumb":{"@id":"http:\/\/contentonline.se\/om-oss\/#breadcrumb"},"inLanguage":"en-GB","potentialAction":[{"@type":"ReadAction","target":["http:\/\/contentonline.se\/om-oss\/"]}]},{"@type":"ImageObject","inLanguage":"en-GB","@id":"http:\/\/contentonline.se\/om-oss\/#primaryimage","url":"http:\/\/contentonline.se\/wp-content\/uploads\/2025\/10\/group-business-executives-forming-huddle-scaled-e1760600372107.jpg","contentUrl":"http:\/\/contentonline.se\/wp-content\/uploads\/2025\/10\/group-business-executives-forming-huddle-scaled-e1760600372107.jpg"},{"@type":"BreadcrumbList","@id":"http:\/\/contentonline.se\/om-oss\/#breadcrumb","itemListElement":[{"@type":"ListItem","position":1,"name":"Home","item":"https:\/\/contentonline.se\/"},{"@type":"ListItem","position":2,"name":"Om oss"}]},{"@type":"WebSite","@id":"https:\/\/contentonline.se\/#website","url":"https:\/\/contentonline.se\/","name":"Contentonline.se","description":"Mer \u00e4n ord \u2013 vi f\u00e5r ditt f\u00f6retag att synas online","publisher":{"@id":"https:\/\/contentonline.se\/#organization"},"potentialAction":[{"@type":"SearchAction","target":{"@type":"EntryPoint","urlTemplate":"https:\/\/contentonline.se\/?s={search_term_string}"},"query-input":{"@type":"PropertyValueSpecification","valueRequired":true,"valueName":"search_term_string"}}],"inLanguage":"en-GB"},{"@type":"Organization","@id":"https:\/\/contentonline.se\/#organization","name":"Contentonline.se","url":"https:\/\/contentonline.se\/","logo":{"@type":"ImageObject","inLanguage":"en-GB","@id":"https:\/\/contentonline.se\/#\/schema\/logo\/image\/","url":"http:\/\/contentonline.se\/wp-content\/uploads\/2025\/09\/Logo-.png","contentUrl":"http:\/\/contentonline.se\/wp-content\/uploads\/2025\/09\/Logo-.png","width":122,"height":122,"caption":"Contentonline.se"},"image":{"@id":"https:\/\/contentonline.se\/#\/schema\/logo\/image\/"}}]}},"_links":{"self":[{"href":"http:\/\/contentonline.se\/en\/wp-json\/wp\/v2\/pages\/817","targetHints":{"allow":["GET"]}}],"collection":[{"href":"http:\/\/contentonline.se\/en\/wp-json\/wp\/v2\/pages"}],"about":[{"href":"http:\/\/contentonline.se\/en\/wp-json\/wp\/v2\/types\/page"}],"author":[{"embeddable":true,"href":"http:\/\/contentonline.se\/en\/wp-json\/wp\/v2\/users\/1"}],"replies":[{"embeddable":true,"href":"http:\/\/contentonline.se\/en\/wp-json\/wp\/v2\/comments?post=817"}],"version-history":[{"count":49,"href":"http:\/\/contentonline.se\/en\/wp-json\/wp\/v2\/pages\/817\/revisions"}],"predecessor-version":[{"id":4718,"href":"http:\/\/contentonline.se\/en\/wp-json\/wp\/v2\/pages\/817\/revisions\/4718"}],"wp:attachment":[{"href":"http:\/\/contentonline.se\/en\/wp-json\/wp\/v2\/media?parent=817"}],"curies":[{"name":"wp","href":"https:\/\/api.w.org\/{rel}","templated":true}]}}